{"id":11,"date":"2014-07-23T16:36:07","date_gmt":"2014-07-23T16:36:07","guid":{"rendered":"http:\/\/burg.azurewebsites.net\/?page_id=2"},"modified":"2021-04-24T02:35:22","modified_gmt":"2021-04-24T00:35:22","slug":"sample-page","status":"publish","type":"page","link":"https:\/\/burg.azurewebsites.net\/?page_id=11","title":{"rendered":"\u00c0 propos"},"content":{"rendered":"<p style=\"text-align: center;\"><strong>Qui suis-je ?<\/strong><\/p>\n<p style=\"text-align: center;\">Une femme ordinaire,<\/p>\n<p style=\"text-align: center;\">\u00e9pouse et maman de quatre enfants,<\/p>\n<p style=\"text-align: center;\">mamie de sept petits-enfants.<\/p>\n<p>&nbsp;<\/p>\n<p style=\"text-align: center;\"><a href=\"http:\/\/burg.azurewebsites.net\/wp-content\/uploads\/2017\/06\/DSC05222.jpg\"><img loading=\"lazy\" class=\"size-medium wp-image-43052 aligncenter\" src=\"http:\/\/burg.azurewebsites.net\/wp-content\/uploads\/2017\/06\/DSC05222-141x300.jpg\" alt=\"\" width=\"141\" height=\"300\" srcset=\"https:\/\/burg.azurewebsites.net\/wp-content\/uploads\/2017\/06\/DSC05222-141x300.jpg 141w, https:\/\/burg.azurewebsites.net\/wp-content\/uploads\/2017\/06\/DSC05222.jpg 377w\" sizes=\"(max-width: 141px) 100vw, 141px\" \/><\/a><\/p>\n<p>&nbsp;<\/p>\n<p style=\"text-align: center;\">Normalienne et musicienne de formation.<\/p>\n<p style=\"text-align: center;\">Enseignante \u00e0 la retraite.<\/p>\n<p>&nbsp;<\/p>\n<p style=\"text-align: center;\"><a href=\"http:\/\/burg.azurewebsites.net\/wp-content\/uploads\/2019\/08\/DSC06110.jpg\"><img loading=\"lazy\" class=\"aligncenter wp-image-48546 size-medium\" src=\"http:\/\/burg.azurewebsites.net\/wp-content\/uploads\/2019\/08\/DSC06110-300x200.jpg\" alt=\"\" width=\"300\" height=\"200\" srcset=\"https:\/\/burg.azurewebsites.net\/wp-content\/uploads\/2019\/08\/DSC06110-300x200.jpg 300w, https:\/\/burg.azurewebsites.net\/wp-content\/uploads\/2019\/08\/DSC06110-768x512.jpg 768w, https:\/\/burg.azurewebsites.net\/wp-content\/uploads\/2019\/08\/DSC06110-1024x683.jpg 1024w, https:\/\/burg.azurewebsites.net\/wp-content\/uploads\/2019\/08\/DSC06110-600x400.jpg 600w, https:\/\/burg.azurewebsites.net\/wp-content\/uploads\/2019\/08\/DSC06110.jpg 1200w\" sizes=\"(max-width: 300px) 100vw, 300px\" \/><\/a><\/p>\n<p>&nbsp;<\/p>\n<p style=\"text-align: center;\"><strong>Mes passions : <\/strong><\/p>\n<p style=\"text-align: center;\">La musique, la photographie, la litt\u00e9rature.<\/p>\n<p>&nbsp;<\/p>\n<p style=\"text-align: center;\"><a href=\"http:\/\/burg.azurewebsites.net\/wp-content\/uploads\/2018\/05\/DSC00938.jpg\"><img loading=\"lazy\" class=\"aligncenter wp-image-47814 size-medium\" src=\"http:\/\/burg.azurewebsites.net\/wp-content\/uploads\/2018\/05\/DSC00938-300x200.jpg\" alt=\"\" width=\"300\" height=\"200\" srcset=\"https:\/\/burg.azurewebsites.net\/wp-content\/uploads\/2018\/05\/DSC00938-300x200.jpg 300w, https:\/\/burg.azurewebsites.net\/wp-content\/uploads\/2018\/05\/DSC00938-768x512.jpg 768w, https:\/\/burg.azurewebsites.net\/wp-content\/uploads\/2018\/05\/DSC00938-1024x683.jpg 1024w, https:\/\/burg.azurewebsites.net\/wp-content\/uploads\/2018\/05\/DSC00938.jpg 1199w\" sizes=\"(max-width: 300px) 100vw, 300px\" \/><\/a><\/p>\n<p>&nbsp;<\/p>\n<p style=\"text-align: center;\"><strong>Les photos post\u00e9es sur ce blog :<\/strong><\/p>\n<p style=\"text-align: center;\">Miettes de bonheur du quotidien<\/p>\n<p style=\"text-align: center;\">Invitations silencieuses \u00e0 la contemplation<\/p>\n<p>&nbsp;<\/p>\n<p style=\"text-align: center;\"><a href=\"http:\/\/burg.azurewebsites.net\/wp-content\/uploads\/2017\/03\/Jacques-Faizant.jpg\"><img loading=\"lazy\" class=\"alignnone size-medium wp-image-40671\" src=\"http:\/\/burg.azurewebsites.net\/wp-content\/uploads\/2017\/03\/Jacques-Faizant-300x50.jpg\" alt=\"\" width=\"300\" height=\"50\" srcset=\"https:\/\/burg.azurewebsites.net\/wp-content\/uploads\/2017\/03\/Jacques-Faizant-300x50.jpg 300w, https:\/\/burg.azurewebsites.net\/wp-content\/uploads\/2017\/03\/Jacques-Faizant-768x129.jpg 768w, https:\/\/burg.azurewebsites.net\/wp-content\/uploads\/2017\/03\/Jacques-Faizant-1024x172.jpg 1024w, https:\/\/burg.azurewebsites.net\/wp-content\/uploads\/2017\/03\/Jacques-Faizant-600x101.jpg 600w, https:\/\/burg.azurewebsites.net\/wp-content\/uploads\/2017\/03\/Jacques-Faizant.jpg 1600w\" sizes=\"(max-width: 300px) 100vw, 300px\" \/><\/a><\/p>\n<p style=\"text-align: center;\"><strong>Bonne promenade virtuelle !<\/strong><\/p>\n<p style=\"text-align: center;\">Merci pour vos commentaires,<\/p>\n<p style=\"text-align: center;\">commentaires que je lis toujours avec plaisir.<\/p>\n<p>&nbsp;<\/p>\n<p style=\"text-align: center;\">Bien amicalement<\/p>\n<p style=\"text-align: center;\">Anne Burg &#8211; Nanegrub<\/p>\n<p>&nbsp;<\/p>\n<p style=\"text-align: center;\">\n","protected":false},"excerpt":{"rendered":"<p>Qui suis-je ? Une femme ordinaire, \u00e9pouse et maman de quatre enfants, mamie de sept petits-enfants. &nbsp; &nbsp; Normalienne et musicienne de formation. Enseignante \u00e0 la retraite. &nbsp; &nbsp; Mes passions : La musique, la photographie, la litt\u00e9rature. &nbsp; &nbsp; Les photos post\u00e9es sur ce blog : Miettes de bonheur du quotidien Invitations silencieuses \u00e0&#8230; <\/p>\n<div class=\"read-more navbutton\"><a href=\"https:\/\/burg.azurewebsites.net\/?page_id=11\">Lire la suite<i class=\"fa fa-angle-double-right\"><\/i><\/a><\/div>\n","protected":false},"author":1,"featured_media":0,"parent":0,"menu_order":0,"comment_status":"open","ping_status":"open","template":"","meta":[],"_links":{"self":[{"href":"https:\/\/burg.azurewebsites.net\/index.php?rest_route=\/wp\/v2\/pages\/11"}],"collection":[{"href":"https:\/\/burg.azurewebsites.net\/index.php?rest_route=\/wp\/v2\/pages"}],"about":[{"href":"https:\/\/burg.azurewebsites.net\/index.php?rest_route=\/wp\/v2\/types\/page"}],"author":[{"embeddable":true,"href":"https:\/\/burg.azurewebsites.net\/index.php?rest_route=\/wp\/v2\/users\/1"}],"replies":[{"embeddable":true,"href":"https:\/\/burg.azurewebsites.net\/index.php?rest_route=%2Fwp%2Fv2%2Fcomments&post=11"}],"version-history":[{"count":7,"href":"https:\/\/burg.azurewebsites.net\/index.php?rest_route=\/wp\/v2\/pages\/11\/revisions"}],"predecessor-version":[{"id":50701,"href":"https:\/\/burg.azurewebsites.net\/index.php?rest_route=\/wp\/v2\/pages\/11\/revisions\/50701"}],"wp:attachment":[{"href":"https:\/\/burg.azurewebsites.net\/index.php?rest_route=%2Fwp%2Fv2%2Fmedia&parent=11"}],"curies":[{"name":"wp","href":"https:\/\/api.w.org\/{rel}","templated":true}]}}